{"id":417,"date":"2021-07-26T13:21:05","date_gmt":"2021-07-26T11:21:05","guid":{"rendered":"https:\/\/dans.knaw.nl\/?page_id=417"},"modified":"2026-02-09T12:01:45","modified_gmt":"2026-02-09T11:01:45","slug":"handleiding-data-hergebruiken","status":"publish","type":"page","link":"https:\/\/dans.knaw.nl\/nl\/handleiding-data-hergebruiken\/","title":{"rendered":"Handleiding data hergebruiken"},"content":{"rendered":"<p>[et_pb_section fb_built=&#8221;1&#8243; admin_label=&#8221;section&#8221; _builder_version=&#8221;3.22&#8243; global_colors_info=&#8221;{}&#8221;][et_pb_row admin_label=&#8221;row&#8221; _builder_version=&#8221;3.25&#8243; background_size=&#8221;initial&#8221; background_position=&#8221;top_left&#8221; background_repeat=&#8221;repeat&#8221; global_colors_info=&#8221;{}&#8221;][et_pb_column type=&#8221;4_4&#8243; _builder_version=&#8221;3.25&#8243; custom_padding=&#8221;|||&#8221; global_colors_info=&#8221;{}&#8221; custom_padding__hover=&#8221;|||&#8221;][et_pb_text admin_label=&#8221;Text&#8221; _builder_version=&#8221;4.10.7&#8243; text_font=&#8221;Open Sans||||||||&#8221; text_text_color=&#8221;#003A49&#8243; background_size=&#8221;initial&#8221; background_position=&#8221;top_left&#8221; background_repeat=&#8221;repeat&#8221; hover_enabled=&#8221;0&#8243; global_colors_info=&#8221;{}&#8221; sticky_enabled=&#8221;0&#8243;]<\/p>\n<h2><span style=\"font-weight: 400;\">Hergebruik van data<\/span><\/h2>\n<p><span style=\"font-weight: 400;\">De missie van DANS is het hergebruik van data te stimuleren. Op deze webpagina vind je alle relevante informatie over het hergebruik van data en hoe je data in onze Data Stations kan vinden, opslaan en gebruiken.<\/span><\/p>\n<p>&nbsp;<\/p>\n<p><strong>Data vinden<br \/><\/strong><span style=\"font-weight: 400;\">Het vinden van datasets die precies geschikt zijn voor jouw specifieke doeleinden kan een uitdaging zijn. Je moet weten waar je naar op zoek bent en welke data er allemaal voor jou beschikbaar is. Het hoofdstuk over het <\/span><a href=\"https:\/\/dmeg.cessda.eu\/Data-Management-Expert-Guide\/7.-Discover\/The-process-of-data-discovery\"><span style=\"font-weight: 400;\">vinden van data<\/span><\/a><span style=\"font-weight: 400;\"> in de CESSDA Data Management Expert Guide (in het Engels) is weliswaar ontwikkeld voor het sociaalwetenschappelijke domein, maar geeft veel tips voor het vinden van en zoeken naar geschikte datasets die voor alle onderzoekers relevant zijn.<\/span><strong><\/strong><\/p>\n<p><span style=\"font-weight: 400;\">Om data te vinden in een van onze DANS Data Stations, kun je gebruik maken van verschillende zoekmogelijkheden:<\/span><\/p>\n<ul>\n<li style=\"font-weight: 400;\" aria-level=\"1\"><span style=\"font-weight: 400;\">Er is een algemene zoekomgeving waarin je de datasets van het Data Station kan doorzoeken. Je kan met zoektermen zoeken in zowel de\u00a0 metadata als de data zelf (als de data open zijn voor onbeperkt hergebruik, zie onder).\u00a0<\/span><\/li>\n<li style=\"font-weight: 400;\" aria-level=\"1\"><span style=\"font-weight: 400;\">De uitgebreide zoekomgeving biedt de mogelijkheid om op termen te zoeken in specifieke velden van de metadata<\/span><\/li>\n<li style=\"font-weight: 400;\" aria-level=\"1\"><span style=\"font-weight: 400;\">Er zijn verschillende facetten aanwezig in de Data Stations waarmee je de zoekresultaten kan inperken. Zo kun je bijvoorbeeld zoeken naar data die zijn gedeponeerd in een bepaalde periode of door een bepaalde instelling, maar je kan je zoekopdracht ook richten op een specifiek wetenschappelijk gebied. Onze Data Stations hebben ook een facet voor onze collecties: dit zijn groepen van datasets die bij elkaar horen, bijvoorbeeld als onderdeel van een en hetzelfde erfgoedproject.\u00a0<\/span><\/li>\n<\/ul>\n<p><strong><span style=\"font-weight: 400;\">Voor veel bestandstypen hebben onze Data Stations een <\/span><i><span style=\"font-weight: 400;\">preview-<\/span><\/i><span style=\"font-weight: 400;\">functionaliteit waarmee je de bestanden direct kan bekijken: zo kun je in het Data Station tekstdocumenten lezen, tabulaire data bestuderen, en video\/audio bestanden afspelen. \u00a0<\/span><\/strong><\/p>\n<p><strong><span style=\"font-weight: 400;\"><\/span><\/strong><\/p>\n<p><strong><span style=\"font-weight: 400;\"><\/span><\/strong><\/p>\n<p><strong>Toegang tot data<br \/><\/strong><span style=\"font-weight: 400;\">Als je een dataset hebt gevonden in een van onze Data Stations die relevant is voor jouw onderzoeksvraag, dan kun je makkelijk zien hoe de toegang tot de dataset voor jou is geregeld.<\/span><strong><br style=\"font-weight: 400;\" \/><br \/><\/strong><span style=\"font-weight: 400;\">De bestanden in een dataset<\/span><span style=\"font-weight: 400;\">\u00a0<\/span><span style=\"font-weight: 400;\">vallen onder een van de volgende twee t<\/span><span style=\"font-weight: 400;\">oegangscategorie\u00ebn: <\/span><i><span style=\"font-weight: 400;\">Open Access<\/span><\/i><span style=\"font-weight: 400;\"> (open toegang) of <\/span><i><span style=\"font-weight: 400;\">Restricted Access<\/span><\/i><span style=\"font-weight: 400;\"> (beperkte toegang).<\/span><span style=\"font-weight: 400;\"><\/span><\/p>\n<ol>\n<li dir=\"ltr\" role=\"presentation\"><span>Open Access<\/span><span>: de bestanden zijn direct toegankelijk en vereisen geen inlog of verzoek om toegang.<\/span><\/li>\n<li dir=\"ltr\" role=\"presentation\"><span><i><span style=\"font-weight: 400;\">Restricted Access<\/span><\/i><span style=\"font-weight: 400;\">: De bestand<\/span><span style=\"font-weight: 400;\">en met &#8216;Beperkte toegang&#8217; kunnen worden onderverdeeld in twee categorie\u00ebn:<\/span><\/span><\/li>\n<li style=\"list-style-type: none;\">\n<ol style=\"list-style-type: lower-alpha;\">\n<li style=\"font-weight: 400;\" aria-level=\"2\"><span style=\"font-weight: 400;\">Bestanden die\u00a0<\/span><span style=\"font-weight: 400;\">een <\/span><i><span style=\"font-weight: 400;\">&#8216;Access Request&#8217;<\/span><\/i><span style=\"font-weight: 400;\"> (toegangsverzoek) toestaan: De bestanden zijn toegankelijk na a) inloggen en indienen van een &#8216;Access Request&#8217; en b) nadat het &#8216;Access Request&#8217; is goedgekeurd door de deposant van de dataset.<\/span><\/li>\n<li style=\"font-weight: 400;\" aria-level=\"2\"><span style=\"font-weight: 400;\">Bestanden die geen &#8216;Access Request&#8217; toestaan: Deze bestanden zijn nooit toegankelijk.\u00a0 \u00a0<\/span><\/li>\n<\/ol>\n<\/li>\n<\/ol>\n<p><span style=\"font-weight: 400;\">We raden deposanten van restricted access bestanden aan om een Data Access Protocol toe te voegen (bvb. op basis van <\/span><a href=\"https:\/\/doi.org\/10.5281\/zenodo.10887571\"><span style=\"font-weight: 400;\">dit template<\/span><\/a><span style=\"font-weight: 400;\"> van DANS) aan hun dataset. Wanneer dit beschikbaar is geeft het een gedetailleerd overzicht over de voorwaarden voor hergebruik die een deposant toepast.\u00a0<\/span><span style=\"font-weight: 400;\"><\/span><\/p>\n<p><span style=\"font-weight: 400;\">Wees je ervan bewust dat de deposant de toegangsaanvragen moet verwerken en dat dit niet door DANS zelf wordt gedaan. Het kan zijn dat het verwerken van de toegangsaanvraag tijd nodig heeft. Het is goed om hier rekening mee te houden in je planning als je gebruik wilt maken van bestaande datasets die beschikbaar zijn onder \u2018Restricted Access\u2019. <\/span><\/p>\n<p><span style=\"font-weight: 400;\">Voordat je kunt inloggen en datasets kan aanvragen, moet je een account aanmaken op het Data Station.<\/span><\/p>\n<p>&nbsp;<\/p>\n<p><strong>Een dataset gebruiken<br \/><\/strong><span style=\"font-weight: 400;\">De voorwaarden voor het gebruik van een dataset zijn afhankelijk van de keuze van de deposant:<\/span><\/p>\n<ol>\n<li><span style=\"font-weight: 400;\">Open Access: gebruik is onderworpen<\/span><span style=\"font-weight: 400;\"> aan de <\/span><i><span style=\"font-weight: 400;\">Open Access<\/span><\/i><span style=\"font-weight: 400;\">-licentie verm<\/span><span style=\"font-weight: 400;\">eld op het tabblad \u2018<\/span><i><span style=\"font-weight: 400;\">Terms<\/span><\/i><span style=\"font-weight: 400;\">\u2019. Er zijn verschillende licenties mogelijk, bijvoorbeeld de licenties van Creative Commons. Lees <\/span><a href=\"https:\/\/dans.knaw.nl\/nl\/licentie\/\"><span style=\"font-weight: 400;\">hier<\/span><\/a><span style=\"font-weight: 400;\"> meer over de licenties die DANS aanbiedt.<\/span><\/li>\n<li><span style=\"font-weight: 400;\">Voor datasets met <i>Restricted Access<\/i> wordt meestal de <a href=\"https:\/\/dans.knaw.nl\/wp-content\/uploads\/2022\/01\/DANS_Licentie_NL.pdf\">DANS-licentie<\/a> gebruikt.<\/span><\/li>\n<\/ol>\n<p>&nbsp;<\/p>\n<p><strong>Een dataset citeren<br \/><\/strong><span style=\"font-weight: 400;\">We vragen je om datasets die je downloadt en gebruikt, te citeren conform de<\/span> <a href=\"https:\/\/doi.org\/10.25490\/a97f-egyk\" target=\"_blank\" rel=\"noopener\"><span style=\"font-weight: 400;\">Joint Declaration of Data Citation Principles<\/span><\/a><span style=\"font-weight: 400;\">.\u00a0<\/span><span style=\"font-weight: 400;\">Om het citeren van een dataset makkelijker te maken, raden we aan om de citatie uit het citatieblok bovenaan de datasetpagina te kopi\u00ebren en te plakken. Het is ook mogelijk om de citatie direct te downloaden in<\/span> <span style=\"font-weight: 400;\">Endnote, RIS of BibText formaat.\u00a0<\/span><\/p>\n<p><span style=\"font-weight: 400;\">Deze bronvermelding bestaat uit:<\/span><\/p>\n<ul>\n<li style=\"font-weight: 400;\" aria-level=\"1\"><span style=\"font-weight: 400;\">De naam of namen en\/of organisatie van degene(n) die de dataset hebben geproduceerd;<\/span><\/li>\n<li style=\"font-weight: 400;\" aria-level=\"1\"><span style=\"font-weight: 400;\">Het jaar waarin de dataset is gepubliceerd;<\/span><\/li>\n<li style=\"font-weight: 400;\" aria-level=\"1\"><span style=\"font-weight: 400;\">De titel van de dataset;<\/span><\/li>\n<li style=\"font-weight: 400;\" aria-level=\"1\"><span style=\"font-weight: 400;\">De <\/span><a href=\"https:\/\/dans.knaw.nl\/nl\/handleiding-data-deponeren\/tijdens-het-deponeren\/persistent-identifiers\/\" target=\"_blank\" rel=\"noopener\"><i><span style=\"font-weight: 400;\">persistent identifier<\/span><\/i><\/a><span style=\"font-weight: 400;\"> (DOI) van de dataset als volledige URL;<\/span><\/li>\n<li style=\"font-weight: 400;\" aria-level=\"1\"><span style=\"font-weight: 400;\">De naam van de repository waarin de dataset is opgeslagen: het DANS Data Station;<\/span><\/li>\n<li style=\"font-weight: 400;\" aria-level=\"1\"><span style=\"font-weight: 400;\">Indien van toepassing, het versienummer van de dataset.<\/span><\/li>\n<\/ul>\n<p><span style=\"font-weight: 400;\">Voorbeeld:<br \/><\/span><span style=\"font-weight: 400;\">P.K. Doorn; L.S. Bommelj\u00e9; J.A.C. Vroom; H. van Wijngaarden; Y.B. Bommelj\u00e9, 1990, &#8220;The Aetolian Studies Project&#8221;, <\/span><a href=\"https:\/\/doi.org\/10.17026\/dans-xxu-6utq\"><span style=\"font-weight: 400;\">https:\/\/doi.org\/10.17026\/dans-xxu-6utq<\/span><\/a><span style=\"font-weight: 400;\">, DANS Data Station Archaeology, V2<\/span><\/p>\n<p><span style=\"font-weight: 400;\"><\/span><\/p>\n<p><span style=\"font-weight: 400;\">Als je meer wilt weten over het citeren van data, kun je in deze gids<\/span><a href=\"https:\/\/doi.org\/10.5281\/zenodo.15043853\"> <span style=\"font-weight: 400;\">praktische aanbevelingen<\/span><\/a><span style=\"font-weight: 400;\"> vinden (in het Engels) van CESSDA, het Consortium of Social Science Data Archives.<\/span><\/p>\n<h3><span style=\"font-weight: 400;\">Vertel ons over je ervaringen met hergebruik!<\/span><\/h3>\n<p><span style=\"font-weight: 400;\">Heb je een dataset uit een van de DANS Data Stations hergebruikt? We zijn altijd benieuwd naar je ervaringen met het vinden, toegang krijgen en hergebruiken van de data die we via de datastations aanbieden.\u00a0<\/span><\/p>\n<p><span style=\"font-weight: 400;\">We nodigen je uit om <a href=\"https:\/\/edu.nl\/8xau8\">dit formulier<\/a> in te vullen zodat we de informatie kunnen gebruiken om het bewustzijn over de kracht van hergebruik te vergroten. <\/span><\/p>\n<p>&nbsp;<\/p>\n<p><strong>Onjuistheden in een dataset?<br \/><\/strong><span style=\"font-weight: 400;\">Kom je onjuistheden tegen in een dataset?<\/span><a href=\"https:\/\/dans.knaw.nl\/stel-je-vraag\/\" target=\"_blank\" rel=\"noopener\"> <span style=\"font-weight: 400;\">Laat het ons weten<\/span><\/a><span style=\"font-weight: 400;\">, dan geeft DANS dit door aan de deposant van de dataset. <\/span><span style=\"font-weight: 400;\">Vergeet niet de persistent identifier van de dataset in kwestie te vermelden.<\/span><\/p>\n<p><span style=\"font-weight: 400;\"><\/span><\/p>\n<p><strong>Vragen?<br \/><\/strong><span style=\"font-weight: 400;\">Bij vragen kun je altijd<\/span><a href=\"https:\/\/dans.knaw.nl\/stel-je-vraag\/\" target=\"_blank\" rel=\"noopener\"> <span style=\"font-weight: 400;\">contact<\/span><\/a><span style=\"font-weight: 400;\"> met ons opnemen.<\/span><\/p>\n<p>&nbsp;<\/p>\n<pre><span style=\"font-weight: 400;\"> \u00a9 DANS. R.1.4 Versie 1.3, 5 februari 2026.<\/span><\/pre>\n<p>[\/et_pb_text][\/et_pb_column][\/et_pb_row][\/et_pb_section]<\/p>\n","protected":false},"excerpt":{"rendered":"<p>Hergebruik van data De missie van DANS is het hergebruik van data te stimuleren. Op deze webpagina vind je alle relevante informatie over het hergebruik van data en hoe je data in onze Data Stations kan vinden, opslaan en gebruiken. &nbsp; Data vindenHet vinden van datasets die precies geschikt zijn voor jouw specifieke doeleinden kan [&hellip;]<\/p>\n","protected":false},"author":22,"featured_media":0,"parent":0,"menu_order":0,"comment_status":"closed","ping_status":"closed","template":"","meta":{"_acf_changed":false,"_et_pb_use_builder":"on","_et_pb_old_content":"U staat op het punt om data, beschikbaar via DANS, te hergebruiken. Deze webpagina geeft u meer informatie hierover.\r\n<h3>Toegankelijkheid<\/h3>\r\nVoor de bestanden in een dataset geldt \u00e9\u00e9n van de vijf toegangscategorie\u00ebn:\r\n<ul>\r\n \t<li>\u2018Open Access\u2019:\u00a0\u00a0de bestanden zijn direct toegankelijk, inloggen is niet van toepassing.<\/li>\r\n \t<li>\u2018Open Access for registered users\u2019: de bestanden zijn na inloggen toegankelijk.<\/li>\r\n \t<li>\u2018Restricted Access archaeology group\u2019: de bestanden zijn na inloggen toegankelijk wanneer de gebruiker beroepsarcheoloog of student archeologie is.<\/li>\r\n \t<li>\u2018Restricted Access request permission\u2019: de bestanden zijn na inloggen toegankelijk wanneer de aanvraag voor toegang (permission request) tot de dataset is goedgekeurd door de depotgever van de betreffende dataset.<\/li>\r\n \t<li>\u2018Other access\u2019: de bestanden zijn via een andere repository toegankelijk.<\/li>\r\n<\/ul>\r\nAlleen in het geval van persoonsgegevens is het beleid van DANS dat voor deze dataset \u2018Restricted Access request permission\u2019 geldt. Verder wordt de keuze bepaalt door de depotgever.\r\n\r\nVoor het inloggen en het aanvragen van datasets maakt u gratis een\u00a0<a class=\"external-link\" title=\"\" href=\"https:\/\/easy.dans.knaw.nl\/ui\/register\" target=\"_blank\" rel=\"noopener\">account<\/a>\u00a0aan via \u2018Register\u2019.\r\n<h3>Gebruik<\/h3>\r\nDe voorwaarden voor het gebruik van een dataset zijn afhankelijk van de keuze van de depotgever:\r\n<ul>\r\n \t<li>\u2018Open Access\u2019: hiervoor geldt de Open Access-licentie die staat aangeduid bij de dataset in het metadataveld \u2018Licence\u2019. Er zijn diverse licenties mogelijk. Bijvoorbeeld\u00a0<a class=\"external-link\" title=\"\" href=\"https:\/\/creativecommons.org\/licenses\/by\/4.0\/deed.nl\" target=\"_blank\" rel=\"noopener\">CC-BY 4.0<\/a>.<\/li>\r\n \t<li>\u2018Open Access for registered users\u2019, \u2018Restricted Access archaeology group\u2019 en \u2018Restricted Access request permission\u2019: hiervoor geldt de DANS-licentie.<\/li>\r\n \t<li>Bij datasets met toegangscategorie \u2018Restricted Access request permission\u2019 kan de depotgever aanvullende gebruiksvoorwaarden aan de gebruiker opleggen.<\/li>\r\n<\/ul>\r\n<h3><b>Citeren<\/b><\/h3>\r\nHet citeren van een dataset vragen wij te doen conform\u00a0<a class=\"external-link\" title=\"\" href=\"https:\/\/www.datacite.org\/services\/cite-your-data.html\" target=\"_blank\" rel=\"noopener\">de aanbevelingen van DataCite<\/a>.\r\n\r\nDeze bronvermelding bestaat tenminste uit:\r\n<ul>\r\n \t<li>De naam of namen en\/of organisatie van degene(n) die de dataset; geproduceerd hebben;<\/li>\r\n \t<li>Het jaar waarin de dataset geproduceerd is;<\/li>\r\n \t<li>De titel van de dataset;<\/li>\r\n \t<li>De naam van de organisatie die het archief beheert waarin de dataset gearchiveerd is: DANS;<\/li>\r\n \t<li>De persistent identifier van de dataset als volledige URL.<\/li>\r\n<\/ul>\r\nVoorbeeld:\r\n\r\nDoorn, dr. P.K.; Bommelj\u00e9, drs. L.S.; Vroom, dr. J.A.C.; Wijngaarden, drs. H. van; Bommelj\u00e9, drs. Y.B. (1990): The Aetolian Studies Project. DANS. https:\/\/doi.org\/10.17026\/dans-xxu-6utq\r\n\r\nAls u een dataset bij DANS bekijkt, ziet u bovenaan de citatie van de dataset vermeld.\r\n<h3>Onjuistheden?<\/h3>\r\nKomt u onjuistheden tegen in een dataset? <a href=\"https:\/\/dans.knaw.nl\/stel-je-vraag\/\">Laat het ons weten<\/a>, dan geeft DANS dit door\u00a0\u00a0aan de depotgever van de dataset. Vermeld hierbij de persistent identifier van de dataset.\r\n<h3>Vragen?<\/h3>\r\nBij vragen kunt u altijd <a href=\"https:\/\/dans.knaw.nl\/stel-je-vraag\/\">contact<\/a> opnemen met \u00e9\u00e9n van de datamanagers van DANS.","_et_gb_content_width":"","inline_featured_image":false,"footnotes":""},"class_list":["post-417","page","type-page","status-publish","hentry"],"acf":[],"yoast_head":"<!-- This site is optimized with the Yoast SEO plugin v27.2 - https:\/\/yoast.com\/product\/yoast-seo-wordpress\/ -->\n<title>Handleiding data hergebruiken | DANS<\/title>\n<meta name=\"description\" content=\"Informatie over het hergebruiken van data, o.a.: toegankelijkheid, gebruik en citeren.\" \/>\n<meta name=\"robots\" content=\"index, follow, max-snippet:-1, max-image-preview:large, max-video-preview:-1\" \/>\n<link rel=\"canonical\" href=\"https:\/\/dans.knaw.nl\/nl\/handleiding-data-hergebruiken\/\" \/>\n<meta property=\"og:locale\" content=\"nl_NL\" \/>\n<meta property=\"og:type\" content=\"article\" \/>\n<meta property=\"og:title\" content=\"Handleiding data hergebruiken | DANS\" \/>\n<meta property=\"og:description\" content=\"Informatie over het hergebruiken van data, o.a.: toegankelijkheid, gebruik en citeren.\" \/>\n<meta property=\"og:site_name\" content=\"DANS\" \/>\n<meta property=\"article:publisher\" content=\"https:\/\/www.facebook.com\/Data-Archiving-and-Networked-Services-DANS-140231255994524\/\" \/>\n<meta property=\"article:modified_time\" content=\"2026-02-09T11:01:45+00:00\" \/>\n<meta name=\"twitter:card\" content=\"summary_large_image\" \/>\n<meta name=\"twitter:site\" content=\"@dans_knaw_nwo\" \/>\n<meta name=\"twitter:label1\" content=\"Geschatte leestijd\" \/>\n\t<meta name=\"twitter:data1\" content=\"2 minuten\" \/>\n<script type=\"application\/ld+json\" class=\"yoast-schema-graph\">{\"@context\":\"https:\/\/schema.org\",\"@graph\":[{\"@type\":\"WebPage\",\"@id\":\"https:\/\/dans.knaw.nl\/nl\/handleiding-data-hergebruiken\/\",\"url\":\"https:\/\/dans.knaw.nl\/nl\/handleiding-data-hergebruiken\/\",\"name\":\"Handleiding data hergebruiken | DANS\",\"isPartOf\":{\"@id\":\"https:\/\/dans.knaw.nl\/nl\/#website\"},\"datePublished\":\"2021-07-26T11:21:05+00:00\",\"dateModified\":\"2026-02-09T11:01:45+00:00\",\"description\":\"Informatie over het hergebruiken van data, o.a.: toegankelijkheid, gebruik en citeren.\",\"breadcrumb\":{\"@id\":\"https:\/\/dans.knaw.nl\/nl\/handleiding-data-hergebruiken\/#breadcrumb\"},\"inLanguage\":\"nl-NL\",\"potentialAction\":[{\"@type\":\"ReadAction\",\"target\":[\"https:\/\/dans.knaw.nl\/nl\/handleiding-data-hergebruiken\/\"]}]},{\"@type\":\"BreadcrumbList\",\"@id\":\"https:\/\/dans.knaw.nl\/nl\/handleiding-data-hergebruiken\/#breadcrumb\",\"itemListElement\":[{\"@type\":\"ListItem\",\"position\":1,\"name\":\"Home\",\"item\":\"https:\/\/dans.knaw.nl\/nl\/\"},{\"@type\":\"ListItem\",\"position\":2,\"name\":\"Handleiding data hergebruiken\"}]},{\"@type\":\"WebSite\",\"@id\":\"https:\/\/dans.knaw.nl\/nl\/#website\",\"url\":\"https:\/\/dans.knaw.nl\/nl\/\",\"name\":\"DANS\",\"description\":\"\",\"potentialAction\":[{\"@type\":\"SearchAction\",\"target\":{\"@type\":\"EntryPoint\",\"urlTemplate\":\"https:\/\/dans.knaw.nl\/nl\/?s={search_term_string}\"},\"query-input\":{\"@type\":\"PropertyValueSpecification\",\"valueRequired\":true,\"valueName\":\"search_term_string\"}}],\"inLanguage\":\"nl-NL\"}]}<\/script>\n<!-- \/ Yoast SEO plugin. -->","yoast_head_json":{"title":"Handleiding data hergebruiken | DANS","description":"Informatie over het hergebruiken van data, o.a.: toegankelijkheid, gebruik en citeren.","robots":{"index":"index","follow":"follow","max-snippet":"max-snippet:-1","max-image-preview":"max-image-preview:large","max-video-preview":"max-video-preview:-1"},"canonical":"https:\/\/dans.knaw.nl\/nl\/handleiding-data-hergebruiken\/","og_locale":"nl_NL","og_type":"article","og_title":"Handleiding data hergebruiken | DANS","og_description":"Informatie over het hergebruiken van data, o.a.: toegankelijkheid, gebruik en citeren.","og_site_name":"DANS","article_publisher":"https:\/\/www.facebook.com\/Data-Archiving-and-Networked-Services-DANS-140231255994524\/","article_modified_time":"2026-02-09T11:01:45+00:00","twitter_card":"summary_large_image","twitter_site":"@dans_knaw_nwo","twitter_misc":{"Geschatte leestijd":"2 minuten"},"schema":{"@context":"https:\/\/schema.org","@graph":[{"@type":"WebPage","@id":"https:\/\/dans.knaw.nl\/nl\/handleiding-data-hergebruiken\/","url":"https:\/\/dans.knaw.nl\/nl\/handleiding-data-hergebruiken\/","name":"Handleiding data hergebruiken | DANS","isPartOf":{"@id":"https:\/\/dans.knaw.nl\/nl\/#website"},"datePublished":"2021-07-26T11:21:05+00:00","dateModified":"2026-02-09T11:01:45+00:00","description":"Informatie over het hergebruiken van data, o.a.: toegankelijkheid, gebruik en citeren.","breadcrumb":{"@id":"https:\/\/dans.knaw.nl\/nl\/handleiding-data-hergebruiken\/#breadcrumb"},"inLanguage":"nl-NL","potentialAction":[{"@type":"ReadAction","target":["https:\/\/dans.knaw.nl\/nl\/handleiding-data-hergebruiken\/"]}]},{"@type":"BreadcrumbList","@id":"https:\/\/dans.knaw.nl\/nl\/handleiding-data-hergebruiken\/#breadcrumb","itemListElement":[{"@type":"ListItem","position":1,"name":"Home","item":"https:\/\/dans.knaw.nl\/nl\/"},{"@type":"ListItem","position":2,"name":"Handleiding data hergebruiken"}]},{"@type":"WebSite","@id":"https:\/\/dans.knaw.nl\/nl\/#website","url":"https:\/\/dans.knaw.nl\/nl\/","name":"DANS","description":"","potentialAction":[{"@type":"SearchAction","target":{"@type":"EntryPoint","urlTemplate":"https:\/\/dans.knaw.nl\/nl\/?s={search_term_string}"},"query-input":{"@type":"PropertyValueSpecification","valueRequired":true,"valueName":"search_term_string"}}],"inLanguage":"nl-NL"}]}},"_links":{"self":[{"href":"https:\/\/dans.knaw.nl\/nl\/wp-json\/wp\/v2\/pages\/417","targetHints":{"allow":["GET"]}}],"collection":[{"href":"https:\/\/dans.knaw.nl\/nl\/wp-json\/wp\/v2\/pages"}],"about":[{"href":"https:\/\/dans.knaw.nl\/nl\/wp-json\/wp\/v2\/types\/page"}],"author":[{"embeddable":true,"href":"https:\/\/dans.knaw.nl\/nl\/wp-json\/wp\/v2\/users\/22"}],"replies":[{"embeddable":true,"href":"https:\/\/dans.knaw.nl\/nl\/wp-json\/wp\/v2\/comments?post=417"}],"version-history":[{"count":8,"href":"https:\/\/dans.knaw.nl\/nl\/wp-json\/wp\/v2\/pages\/417\/revisions"}],"predecessor-version":[{"id":25074,"href":"https:\/\/dans.knaw.nl\/nl\/wp-json\/wp\/v2\/pages\/417\/revisions\/25074"}],"wp:attachment":[{"href":"https:\/\/dans.knaw.nl\/nl\/wp-json\/wp\/v2\/media?parent=417"}],"curies":[{"name":"wp","href":"https:\/\/api.w.org\/{rel}","templated":true}]}}